{"id":3323,"date":"2024-02-06T18:20:23","date_gmt":"2024-02-06T17:20:23","guid":{"rendered":"https:\/\/www.norotec.se\/?page_id=3323"},"modified":"2024-02-06T18:20:23","modified_gmt":"2024-02-06T17:20:23","slug":"forsoeg","status":"publish","type":"page","link":"https:\/\/www.norotec.se\/da\/forsoeg\/","title":{"rendered":"Fors\u00f8g"},"content":{"rendered":"<div class=\"wpb-content-wrapper\"><p>[vc_row full_width=&#8221;stretch_row&#8221; css=&#8221;.vc_custom_1581070486308{padding-bottom: 20px !important;background-color: #f0eee4 !important;}&#8221;][vc_column][vc_custom_heading text=&#8221;Herunder finder du information om vores feltfors\u00f8g.&#8221; font_container=&#8221;tag:h4|text_align:center&#8221; use_theme_fonts=&#8221;yes&#8221;][\/vc_column][\/vc_row][vc_row css=&#8221;.vc_custom_1581070547022{padding-top: 70px !important;}&#8221;][vc_column width=&#8221;2\/5&#8243;][vc_custom_heading text=&#8221;Fr\u00f8behandling med mikron\u00e6ringsstof i v\u00e5rbyg&#8221; font_container=&#8221;tag:h3|text_align:left&#8221; use_theme_fonts=&#8221;yes&#8221;][vc_column_text css=&#8221;.vc_custom_1707239013268{margin-top: 0px !important;border-top-width: 0px !important;padding-top: 0px !important;}&#8221;]<img loading=\"lazy\" decoding=\"async\" class=\"alignnone size-full wp-image-2318\" src=\"\/wp-content\/uploads\/2023\/10\/home_eco_sep2.png\" alt=\"\" width=\"75\" height=\"2\" \/><\/p>\n<p>HS Konsult AB i \u00d6rebro. Udbytte i to fors\u00f8g 2017<\/p>\n<p><a href=\"\/wp-content\/uploads\/2023\/10\/forsoksbilder8_varkorn.jpg\">Gem dokumentet (pdf)<\/a>[\/vc_column_text][\/vc_column][vc_column width=&#8221;3\/5&#8243; css=&#8221;.vc_custom_1581069911105{padding-top: 0px !important;}&#8221;][vc_single_image image=&#8221;70&#8243; img_size=&#8221;full&#8221;][\/vc_column][\/vc_row][vc_row full_width=&#8221;stretch_row&#8221; css=&#8221;.vc_custom_1581070831007{padding-top: 70px !important;background-color: #f0eee4 !important;}&#8221;][vc_column width=&#8221;2\/5&#8243;][vc_custom_heading text=&#8221;Fors\u00f8g med NoroTec Mangan&#8221; font_container=&#8221;tag:h3|text_align:left&#8221; use_theme_fonts=&#8221;yes&#8221;][vc_column_text css=&#8221;.vc_custom_1707239179418{margin-top: 0px !important;border-top-width: 0px !important;padding-top: 0px !important;}&#8221;]<img loading=\"lazy\" decoding=\"async\" class=\"alignnone size-full wp-image-2318\" src=\"\/wp-content\/uploads\/2023\/10\/home_eco_sep2.png\" alt=\"\" width=\"75\" height=\"2\" \/><\/p>\n<p>Fors\u00f8g i Sverige, Danmark, Frankrig og England har vist, at NoroTec Mangan ofte er bedst sammenlignet med andre manganformuleringer.<br \/>\nNoroTec Mangan har bedre kompatibilitet og lagringskapacitet. I det seneste af vores manganfors\u00f8g matcher NoroTec nemt en dobbelt dosis nitrat.<\/p>\n<p><a href=\"\/wp-content\/uploads\/2023\/10\/forsoksbilder9_mangan-korn.jpg\">Gem dokumentet (pdf)<\/a>[\/vc_column_text][\/vc_column][vc_column width=&#8221;3\/5&#8243; css=&#8221;.vc_custom_1581069911105{padding-top: 0px !important;}&#8221;][vc_single_image image=&#8221;71&#8243; img_size=&#8221;full&#8221;][\/vc_column][\/vc_row][vc_row css=&#8221;.vc_custom_1581070547022{padding-top: 70px !important;}&#8221;][vc_column width=&#8221;2\/5&#8243;][vc_custom_heading text=&#8221;Optagelse af mangan i planten&#8221; font_container=&#8221;tag:h3|text_align:left&#8221; use_theme_fonts=&#8221;yes&#8221;][vc_column_text css=&#8221;.vc_custom_1707239240786{margin-top: 0px !important;border-top-width: 0px !important;padding-top: 0px !important;}&#8221;]<img loading=\"lazy\" decoding=\"async\" class=\"alignnone size-full wp-image-2318\" src=\"\/wp-content\/uploads\/2023\/10\/home_eco_sep2.png\" alt=\"\" width=\"75\" height=\"2\" \/><\/p>\n<p>S\u00e6tter man optagelsen relativt til 100 % med NoroTec Mangan, er optagelsen af nitrat omkring 60 % og carbonat 25 %.<\/p>\n<p><a href=\"\/wp-content\/uploads\/2023\/10\/uptake_manganese2.jpg\">Gem dokumentet (jpg)<\/a>[\/vc_column_text][\/vc_column][vc_column width=&#8221;3\/5&#8243; css=&#8221;.vc_custom_1581069911105{padding-top: 0px !important;}&#8221;][vc_single_image image=&#8221;479&#8243; img_size=&#8221;full&#8221;][\/vc_column][\/vc_row][vc_row full_width=&#8221;stretch_row&#8221; css=&#8221;.vc_custom_1581070831007{padding-top: 70px !important;background-color: #f0eee4 !important;}&#8221;][vc_column width=&#8221;2\/5&#8243;][vc_custom_heading text=&#8221;Svenske fors\u00f8g&#8221; font_container=&#8221;tag:h3|text_align:left&#8221; use_theme_fonts=&#8221;yes&#8221;][vc_column_text css=&#8221;.vc_custom_1707239313235{margin-top: 0px !important;border-top-width: 0px !important;padding-top: 0px !important;}&#8221;]<img loading=\"lazy\" decoding=\"async\" class=\"alignnone size-full wp-image-2318\" src=\"\/wp-content\/uploads\/2023\/10\/home_eco_sep2.png\" alt=\"\" width=\"75\" height=\"2\" \/><\/p>\n<p>NoroTec Mangan er et patenteret produkt, som er bedst i test i et tre\u00e5rigt fors\u00f8g med byg med alvorlig mangel.<\/p>\n<p><a href=\"\/wp-content\/uploads\/2023\/10\/Resultat_forsok_mangan_potatis.pdf\">Gem dokumentet (pdf)<\/a>[\/vc_column_text][\/vc_column][vc_column width=&#8221;3\/5&#8243; css=&#8221;.vc_custom_1581069911105{padding-top: 0px !important;}&#8221;][vc_single_image image=&#8221;49&#8243; img_size=&#8221;full&#8221;][\/vc_column][\/vc_row][vc_row css=&#8221;.vc_custom_1581070547022{padding-top: 70px !important;}&#8221;][vc_column width=&#8221;2\/5&#8243;][vc_custom_heading text=&#8221;HS-manganfors\u00f8g&#8221; font_container=&#8221;tag:h3|text_align:left&#8221; use_theme_fonts=&#8221;yes&#8221;][vc_column_text css=&#8221;.vc_custom_1707239383802{margin-top: 0px !important;border-top-width: 0px !important;padding-top: 0px !important;}&#8221;]<img loading=\"lazy\" decoding=\"async\" class=\"alignnone size-full wp-image-2318\" src=\"\/wp-content\/uploads\/2023\/10\/home_eco_sep2.png\" alt=\"\" width=\"75\" height=\"2\" \/><\/p>\n<p>Ekstra udbytte i kg\/tilsat gram ved spr\u00f8jtning. NoroTec Mangan er n\u00e6sten 4 gange mere effektivt end ikke-organiske mangansalte.<\/p>\n<p><a href=\"\/wp-content\/uploads\/2023\/10\/manganforsok2.jpg\">Gem dokumentet (jpg)<\/a>[\/vc_column_text][\/vc_column][vc_column width=&#8221;3\/5&#8243; css=&#8221;.vc_custom_1581069911105{padding-top: 0px !important;}&#8221;][vc_single_image image=&#8221;483&#8243; img_size=&#8221;full&#8221;][\/vc_column][\/vc_row][vc_row full_width=&#8221;stretch_row&#8221; css=&#8221;.vc_custom_1581070831007{padding-top: 70px !important;background-color: #f0eee4 !important;}&#8221;][vc_column width=&#8221;2\/5&#8243;][vc_custom_heading text=&#8221;Mikron\u00e6ringsstoffer i rapsolie&#8221; font_container=&#8221;tag:h3|text_align:left&#8221; use_theme_fonts=&#8221;yes&#8221;][vc_column_text css=&#8221;.vc_custom_1707239790874{margin-top: 0px !important;border-top-width: 0px !important;padding-top: 0px !important;}&#8221;]<img loading=\"lazy\" decoding=\"async\" class=\"alignnone size-full wp-image-2318\" src=\"\/wp-content\/uploads\/2023\/10\/home_eco_sep2.png\" alt=\"\" width=\"75\" height=\"2\" \/><\/p>\n<p>HS Malm\u00f6hus, sprutning 10 april 2014, Radby G\u00e5rd Furulund<\/p>\n<p><a href=\"\/wp-content\/uploads\/2023\/10\/Rapsforsok_2014_diagram.pdf\">Gem dokumentet (pdf)<\/a>[\/vc_column_text][\/vc_column][vc_column width=&#8221;3\/5&#8243; css=&#8221;.vc_custom_1581069911105{padding-top: 0px !important;}&#8221;][vc_single_image image=&#8221;50&#8243; img_size=&#8221;full&#8221;][\/vc_column][\/vc_row][vc_row css=&#8221;.vc_custom_1581070547022{padding-top: 70px !important;}&#8221;][vc_column width=&#8221;2\/5&#8243;][vc_custom_heading text=&#8221;NoroTec Kartoffel&#8221; font_container=&#8221;tag:h3|text_align:left&#8221; use_theme_fonts=&#8221;yes&#8221;][vc_column_text css=&#8221;.vc_custom_1707239765173{margin-top: 0px !important;border-top-width: 0px !important;padding-top: 0px !important;}&#8221;]<img loading=\"lazy\" decoding=\"async\" class=\"alignnone size-full wp-image-2318\" src=\"\/wp-content\/uploads\/2023\/10\/home_eco_sep2.png\" alt=\"\" width=\"75\" height=\"2\" \/><\/p>\n<p>NoroTec Kartoffel i et 2010-fors\u00f8g. Behandling foretaget ved knolddannelse og markant flere knolde.<\/p>\n<p><a href=\"\/wp-content\/uploads\/2023\/10\/Diagram_potatis_utan_Mantrac.pdf\">Gem dokumentet (pdf)<\/a>[\/vc_column_text][\/vc_column][vc_column width=&#8221;3\/5&#8243; css=&#8221;.vc_custom_1581069911105{padding-top: 0px !important;}&#8221;][vc_single_image image=&#8221;51&#8243; img_size=&#8221;full&#8221;][\/vc_column][\/vc_row][vc_row full_width=&#8221;stretch_row&#8221; css=&#8221;.vc_custom_1581070831007{padding-top: 70px !important;background-color: #f0eee4 !important;}&#8221;][vc_column width=&#8221;2\/5&#8243;][vc_custom_heading text=&#8221;Fors\u00f8g i Frankrig&#8221; font_container=&#8221;tag:h3|text_align:left&#8221; use_theme_fonts=&#8221;yes&#8221;][vc_column_text css=&#8221;.vc_custom_1707239873340{margin-top: 0px !important;border-top-width: 0px !important;padding-top: 0px !important;}&#8221;]<img loading=\"lazy\" decoding=\"async\" class=\"alignnone size-full wp-image-2318\" src=\"\/wp-content\/uploads\/2023\/10\/home_eco_sep2.png\" alt=\"\" width=\"75\" height=\"2\" \/><\/p>\n<p>Fors\u00f8g med NoroTec Mangan og Universal i byg.<\/p>\n<p><a href=\"\/wp-content\/uploads\/2023\/10\/Frankrike_2014_Mangan_diagram.pdf\">Gem dokumentet (pdf)<\/a>[\/vc_column_text][\/vc_column][vc_column width=&#8221;3\/5&#8243; css=&#8221;.vc_custom_1581069911105{padding-top: 0px !important;}&#8221;][vc_single_image image=&#8221;52&#8243; img_size=&#8221;full&#8221;][\/vc_column][\/vc_row][vc_row css=&#8221;.vc_custom_1581070547022{padding-top: 70px !important;}&#8221;][vc_column width=&#8221;2\/5&#8243;][vc_custom_heading text=&#8221;Fr\u00f8behandlingsfors\u00f8g i byg, SLU Gotland.&#8221; font_container=&#8221;tag:h3|text_align:left&#8221; use_theme_fonts=&#8221;yes&#8221;][vc_column_text css=&#8221;.vc_custom_1707239940561{margin-top: 0px !important;border-top-width: 0px !important;padding-top: 0px !important;}&#8221;]<img loading=\"lazy\" decoding=\"async\" class=\"alignnone size-full wp-image-2318\" src=\"\/wp-content\/uploads\/2023\/10\/home_eco_sep2.png\" alt=\"\" width=\"75\" height=\"2\" \/><\/p>\n<p>NoroTec Mangan og Mangan\/Kobber 2010.<\/p>\n<p><a href=\"\/wp-content\/uploads\/2023\/10\/Sammanstallning.pdf\">Gem dokumentet (pdf)<\/a>[\/vc_column_text][\/vc_column][vc_column width=&#8221;3\/5&#8243; css=&#8221;.vc_custom_1581069911105{padding-top: 0px !important;}&#8221;][vc_single_image image=&#8221;53&#8243; img_size=&#8221;full&#8221;][\/vc_column][\/vc_row][vc_row full_width=&#8221;stretch_row&#8221; css=&#8221;.vc_custom_1581070831007{padding-top: 70px !important;background-color: #f0eee4 !important;}&#8221;][vc_column width=&#8221;2\/5&#8243;][vc_custom_heading text=&#8221;Fors\u00f8g med PEU, K\u00f8benhavns Universitet.&#8221; font_container=&#8221;tag:h3|text_align:left&#8221; use_theme_fonts=&#8221;yes&#8221;][vc_column_text css=&#8221;.vc_custom_1707240000613{margin-top: 0px !important;border-top-width: 0px !important;padding-top: 0px !important;}&#8221;]<img loading=\"lazy\" decoding=\"async\" class=\"alignnone size-full wp-image-2318\" src=\"\/wp-content\/uploads\/2023\/10\/home_eco_sep2.png\" alt=\"\" width=\"75\" height=\"2\" \/><\/p>\n<p>PEU-m\u00e5linger p\u00e5 Mn-behandlede blade, K\u00f8benhavns Universitet, august 2014, professor S\u00f8ren Husted<\/p>\n<p><a href=\"\/wp-content\/uploads\/2023\/10\/PEU-measurements.pdf\">Gem dokumentet (pdf)<\/a>[\/vc_column_text][\/vc_column][vc_column width=&#8221;3\/5&#8243; css=&#8221;.vc_custom_1581069911105{padding-top: 0px !important;}&#8221;][vc_single_image image=&#8221;55&#8243; img_size=&#8221;full&#8221;][\/vc_column][\/vc_row]<\/p>\n<\/div>","protected":false},"excerpt":{"rendered":"<p>[vc_row full_width=&#8221;stretch_row&#8221; css=&#8221;.vc_custom_1581070486308{padding-bottom: 20px !important;background-color: #f0eee4 !important;}&#8221;][vc_column][vc_custom_heading text=&#8221;Herunder finder du information om vores feltfors\u00f8g.&#8221; font_container=&#8221;tag:h4|text_align:center&#8221; use_theme_fonts=&#8221;yes&#8221;][\/vc_column][\/vc_row][vc_row css=&#8221;.vc_custom_1581070547022{padding-top: 70px !important;}&#8221;][vc_column width=&#8221;2\/5&#8243;][vc_custom_heading text=&#8221;Fr\u00f8behandling med mikron\u00e6ringsstof i v\u00e5rbyg&#8221; font_container=&#8221;tag:h3|text_align:left&#8221;<span class=\"excerpt-hellip\"> [\u2026]<\/span><\/p>\n","protected":false},"author":3,"featured_media":0,"parent":0,"menu_order":0,"comment_status":"closed","ping_status":"closed","template":"","meta":{"footnotes":""},"class_list":["post-3323","page","type-page","status-publish","hentry"],"jetpack_sharing_enabled":true,"_links":{"self":[{"href":"https:\/\/www.norotec.se\/da\/wp-json\/wp\/v2\/pages\/3323","targetHints":{"allow":["GET"]}}],"collection":[{"href":"https:\/\/www.norotec.se\/da\/wp-json\/wp\/v2\/pages"}],"about":[{"href":"https:\/\/www.norotec.se\/da\/wp-json\/wp\/v2\/types\/page"}],"author":[{"embeddable":true,"href":"https:\/\/www.norotec.se\/da\/wp-json\/wp\/v2\/users\/3"}],"replies":[{"embeddable":true,"href":"https:\/\/www.norotec.se\/da\/wp-json\/wp\/v2\/comments?post=3323"}],"version-history":[{"count":1,"href":"https:\/\/www.norotec.se\/da\/wp-json\/wp\/v2\/pages\/3323\/revisions"}],"predecessor-version":[{"id":3324,"href":"https:\/\/www.norotec.se\/da\/wp-json\/wp\/v2\/pages\/3323\/revisions\/3324"}],"wp:attachment":[{"href":"https:\/\/www.norotec.se\/da\/wp-json\/wp\/v2\/media?parent=3323"}],"curies":[{"name":"wp","href":"https:\/\/api.w.org\/{rel}","templated":true}]}}