{"id":507,"date":"2023-10-18T14:17:12","date_gmt":"2023-10-18T12:17:12","guid":{"rendered":"https:\/\/norotec.se\/?page_id=507"},"modified":"2023-10-18T16:05:30","modified_gmt":"2023-10-18T14:05:30","slug":"forsok","status":"publish","type":"page","link":"https:\/\/www.norotec.se\/pl\/forsok\/","title":{"rendered":"Testy"},"content":{"rendered":"<div class=\"wpb-content-wrapper\"><p>[vc_row full_width=&#8221;stretch_row&#8221; css=&#8221;.vc_custom_1581070486308{padding-bottom: 20px !important;background-color: #f0eee4 !important;}&#8221;][vc_column][vc_custom_heading text=&#8221;Poni\u017cej znajdziesz informacje o naszych testach terenowych.&#8221; font_container=&#8221;tag:h4|text_align:center&#8221; use_theme_fonts=&#8221;yes&#8221;][\/vc_column][\/vc_row][vc_row css=&#8221;.vc_custom_1581070547022{padding-top: 70px !important;}&#8221;][vc_column width=&#8221;2\/5&#8243;][vc_custom_heading text=&#8221;Zaprawianie mikroelementami nasion j\u0119czmienia jarego&#8221; font_container=&#8221;tag:h3|text_align:left&#8221; use_theme_fonts=&#8221;yes&#8221;][vc_column_text css=&#8221;.vc_custom_1697632816762{margin-top: 0px !important;border-top-width: 0px !important;padding-top: 0px !important;}&#8221;]<img loading=\"lazy\" decoding=\"async\" class=\"alignnone size-full wp-image-2318\" src=\"\/wp-content\/uploads\/2023\/10\/home_eco_sep2.png\" alt=\"\" width=\"75\" height=\"2\" \/><\/p>\n<p>HS Konsult AB w \u00d6rebro. Plony z 2 test\u00f3w w 2017 roku<\/p>\n<p><a href=\"\/wp-content\/uploads\/2023\/10\/forsoksbilder8_varkorn.jpg\">Zapisz dokument. (pdf)<\/a>[\/vc_column_text][\/vc_column][vc_column width=&#8221;3\/5&#8243; css=&#8221;.vc_custom_1581069911105{padding-top: 0px !important;}&#8221;][vc_single_image image=&#8221;243&#8243; img_size=&#8221;full&#8221;][\/vc_column][\/vc_row][vc_row full_width=&#8221;stretch_row&#8221; css=&#8221;.vc_custom_1581070831007{padding-top: 70px !important;background-color: #f0eee4 !important;}&#8221;][vc_column width=&#8221;2\/5&#8243;][vc_custom_heading text=&#8221;Testy z u\u017cyciem NoroTec Mangan&#8221; font_container=&#8221;tag:h3|text_align:left&#8221; use_theme_fonts=&#8221;yes&#8221;][vc_column_text css=&#8221;.vc_custom_1697634015386{margin-top: 0px !important;border-top-width: 0px !important;padding-top: 0px !important;}&#8221;]<img loading=\"lazy\" decoding=\"async\" class=\"alignnone size-full wp-image-2318\" src=\"\/wp-content\/uploads\/2023\/10\/home_eco_sep2.png\" alt=\"\" width=\"75\" height=\"2\" \/><\/p>\n<p>NoroTec Mangan uzyskuje najlepsze wyniki w testach w Szwecji, Danii, Francji i Anglii w por\u00f3wnaniu z innymi preparatami manganu.<br \/>\nNoroTec Mangan charakteryzuje si\u0119 lepsz\u0105 mieszalno\u015bci\u0105 i przechowywalno\u015bci\u0105. W naszym najnowszym te\u015bcie manganu NoroTec z \u0142atwo\u015bci\u0105 dor\u00f3wnuje podw\u00f3jnej dawce azotanu.<\/p>\n<p><a href=\"\/wp-content\/uploads\/2023\/10\/forsoksbilder9_mangan-korn.jpg\">Zapisz dokument. (pdf)<\/a>[\/vc_column_text][\/vc_column][vc_column width=&#8221;3\/5&#8243; css=&#8221;.vc_custom_1581069911105{padding-top: 0px !important;}&#8221;][vc_single_image image=&#8221;246&#8243; img_size=&#8221;full&#8221;][\/vc_column][\/vc_row][vc_row css=&#8221;.vc_custom_1581070547022{padding-top: 70px !important;}&#8221;][vc_column width=&#8221;2\/5&#8243;][vc_custom_heading text=&#8221;Przyswajanie manganu przez ro\u015blin\u0119&#8221; font_container=&#8221;tag:h3|text_align:left&#8221; use_theme_fonts=&#8221;yes&#8221;][vc_column_text css=&#8221;.vc_custom_1697634054936{margin-top: 0px !important;border-top-width: 0px !important;padding-top: 0px !important;}&#8221;]<img loading=\"lazy\" decoding=\"async\" class=\"alignnone size-full wp-image-2318\" src=\"\/wp-content\/uploads\/2023\/10\/home_eco_sep2.png\" alt=\"\" width=\"75\" height=\"2\" \/><\/p>\n<p>Je\u015bli przyjmiemy, \u017ce przyswajanie w przypadku NoroTec Mangan wynosi 100%, to warto\u015b\u0107 wzgl\u0119dna dla azotanu wyniesie 60%, a dla w\u0119glanu 25%.<\/p>\n<p><a href=\"\/wp-content\/uploads\/2023\/10\/uptake_manganese2.jpg\">Zapisz dokument. (jpg)<\/a>[\/vc_column_text][\/vc_column][vc_column width=&#8221;3\/5&#8243; css=&#8221;.vc_custom_1581069911105{padding-top: 0px !important;}&#8221;][vc_single_image image=&#8221;482&#8243; img_size=&#8221;full&#8221;][\/vc_column][\/vc_row][vc_row full_width=&#8221;stretch_row&#8221; css=&#8221;.vc_custom_1581070831007{padding-top: 70px !important;background-color: #f0eee4 !important;}&#8221;][vc_column width=&#8221;2\/5&#8243;][vc_custom_heading text=&#8221;Testy w Szwecji&#8221; font_container=&#8221;tag:h3|text_align:left&#8221; use_theme_fonts=&#8221;yes&#8221;][vc_column_text css=&#8221;.vc_custom_1697634141301{margin-top: 0px !important;border-top-width: 0px !important;padding-top: 0px !important;}&#8221;]<img loading=\"lazy\" decoding=\"async\" class=\"alignnone size-full wp-image-2318\" src=\"\/wp-content\/uploads\/2023\/10\/home_eco_sep2.png\" alt=\"\" width=\"75\" height=\"2\" \/><\/p>\n<p>NoroTec Mangan to opatentowany produkt, kt\u00f3ry uzyska\u0142 najlepsze wyniki w 3-letnich testach na j\u0119czmieniu w warunkach powa\u017cnego niedoboru.<\/p>\n<p><a href=\"\/wp-content\/uploads\/2023\/10\/Resultat_forsok_mangan_potatis.pdf\">Zapisz dokument. (pdf)<\/a>[\/vc_column_text][\/vc_column][vc_column width=&#8221;3\/5&#8243; css=&#8221;.vc_custom_1581069911105{padding-top: 0px !important;}&#8221;][vc_single_image image=&#8221;180&#8243; img_size=&#8221;full&#8221;][\/vc_column][\/vc_row][vc_row css=&#8221;.vc_custom_1581070547022{padding-top: 70px !important;}&#8221;][vc_column width=&#8221;2\/5&#8243;][vc_custom_heading text=&#8221;Testy z manganem przeprowadzone przez HS&#8221; font_container=&#8221;tag:h3|text_align:left&#8221; use_theme_fonts=&#8221;yes&#8221;][vc_column_text css=&#8221;.vc_custom_1697634161103{margin-top: 0px !important;border-top-width: 0px !important;padding-top: 0px !important;}&#8221;]<img loading=\"lazy\" decoding=\"async\" class=\"alignnone size-full wp-image-2318\" src=\"\/wp-content\/uploads\/2023\/10\/home_eco_sep2.png\" alt=\"\" width=\"75\" height=\"2\" \/><\/p>\n<p>Dodatkowy plon w kg w przeliczeniu na dodatkowy gram przy oprysku NoroTec Mangan jest prawie 4 razy bardziej skuteczny ni\u017c nieorganiczne sole manganu.<\/p>\n<p><a href=\"\/wp-content\/uploads\/2023\/10\/manganforsok2.jpg\">Zapisz dokument. (jpg)<\/a>[\/vc_column_text][\/vc_column][vc_column width=&#8221;3\/5&#8243; css=&#8221;.vc_custom_1581069911105{padding-top: 0px !important;}&#8221;][vc_single_image image=&#8221;486&#8243; img_size=&#8221;full&#8221;][\/vc_column][\/vc_row][vc_row full_width=&#8221;stretch_row&#8221; css=&#8221;.vc_custom_1581070831007{padding-top: 70px !important;background-color: #f0eee4 !important;}&#8221;][vc_column width=&#8221;2\/5&#8243;][vc_custom_heading text=&#8221;Mikroelementy do rzepaku ozimego&#8221; font_container=&#8221;tag:h3|text_align:left&#8221; use_theme_fonts=&#8221;yes&#8221;][vc_column_text css=&#8221;.vc_custom_1697634194887{margin-top: 0px !important;border-top-width: 0px !important;padding-top: 0px !important;}&#8221;]<img loading=\"lazy\" decoding=\"async\" class=\"alignnone size-full wp-image-2318\" src=\"\/wp-content\/uploads\/2023\/10\/home_eco_sep2.png\" alt=\"\" width=\"75\" height=\"2\" \/><\/p>\n<p>Testy przeprowadzone przez HS Malm\u00f6hus.<br \/>\nJeden oprysk przeprowadzony w czasie wzrostu \u0142odygi.<\/p>\n<p><a href=\"\/wp-content\/uploads\/2023\/10\/Rapsforsok_2014_diagram.pdf\">Zapisz dokument. (pdf)<\/a>[\/vc_column_text][\/vc_column][vc_column width=&#8221;3\/5&#8243; css=&#8221;.vc_custom_1581069911105{padding-top: 0px !important;}&#8221;][vc_single_image image=&#8221;183&#8243; img_size=&#8221;full&#8221;][\/vc_column][\/vc_row][vc_row css=&#8221;.vc_custom_1581070547022{padding-top: 70px !important;}&#8221;][vc_column width=&#8221;2\/5&#8243;][vc_custom_heading text=&#8221;NoroTec Ziemniaki&#8221; font_container=&#8221;tag:h3|text_align:left&#8221; use_theme_fonts=&#8221;yes&#8221;][vc_column_text css=&#8221;.vc_custom_1697634210624{margin-top: 0px !important;border-top-width: 0px !important;padding-top: 0px !important;}&#8221;]<img loading=\"lazy\" decoding=\"async\" class=\"alignnone size-full wp-image-2318\" src=\"\/wp-content\/uploads\/2023\/10\/home_eco_sep2.png\" alt=\"\" width=\"75\" height=\"2\" \/><\/p>\n<p>Testy NoroTec Ziemniaki w 2010 roku. Zabieg przeprowadzono w czasie wykszta\u0142cania bulw, uzyskuj\u0105c ich znacznie wi\u0119ksz\u0105 liczb\u0119.<\/p>\n<p><a href=\"\/wp-content\/uploads\/2023\/10\/Diagram_potatis_utan_Mantrac.pdf\">Zapisz dokument. (pdf)<\/a>[\/vc_column_text][\/vc_column][vc_column width=&#8221;3\/5&#8243; css=&#8221;.vc_custom_1581069911105{padding-top: 0px !important;}&#8221;][vc_single_image image=&#8221;186&#8243; img_size=&#8221;full&#8221;][\/vc_column][\/vc_row][vc_row full_width=&#8221;stretch_row&#8221; css=&#8221;.vc_custom_1581070831007{padding-top: 70px !important;background-color: #f0eee4 !important;}&#8221;][vc_column width=&#8221;2\/5&#8243;][vc_custom_heading text=&#8221;Testy we Francji&#8221; font_container=&#8221;tag:h3|text_align:left&#8221; use_theme_fonts=&#8221;yes&#8221;][vc_column_text css=&#8221;.vc_custom_1697634225122{margin-top: 0px !important;border-top-width: 0px !important;padding-top: 0px !important;}&#8221;]<img loading=\"lazy\" decoding=\"async\" class=\"alignnone size-full wp-image-2318\" src=\"\/wp-content\/uploads\/2023\/10\/home_eco_sep2.png\" alt=\"\" width=\"75\" height=\"2\" \/><\/p>\n<p>Testy na j\u0119czmieniu z u\u017cyciem NoroTec Mangan i NoroTec Universal.<\/p>\n<p><a href=\"\/wp-content\/uploads\/2023\/10\/Frankrike_2014_Mangan_diagram.pdf\">Zapisz dokument. (pdf)<\/a>[\/vc_column_text][\/vc_column][vc_column width=&#8221;3\/5&#8243; css=&#8221;.vc_custom_1581069911105{padding-top: 0px !important;}&#8221;][vc_single_image image=&#8221;189&#8243; img_size=&#8221;full&#8221;][\/vc_column][\/vc_row][vc_row css=&#8221;.vc_custom_1581070547022{padding-top: 70px !important;}&#8221;][vc_column width=&#8221;2\/5&#8243;][vc_custom_heading text=&#8221;Testy z zaprawianiem nasion j\u0119czmienia, uniwersytet SLU na Gotlandii.&#8221; font_container=&#8221;tag:h3|text_align:left&#8221; use_theme_fonts=&#8221;yes&#8221;][vc_column_text css=&#8221;.vc_custom_1697634250590{margin-top: 0px !important;border-top-width: 0px !important;padding-top: 0px !important;}&#8221;]<img loading=\"lazy\" decoding=\"async\" class=\"alignnone size-full wp-image-2318\" src=\"\/wp-content\/uploads\/2023\/10\/home_eco_sep2.png\" alt=\"\" width=\"75\" height=\"2\" \/><\/p>\n<p>NoroTec Mangan i NoroTec Mangan\/Mied\u017a w 2010 roku.<\/p>\n<p><a href=\"\/wp-content\/uploads\/2023\/10\/Sammanstallning.pdf\">Zapisz dokument. (pdf)<\/a>[\/vc_column_text][\/vc_column][vc_column width=&#8221;3\/5&#8243; css=&#8221;.vc_custom_1581069911105{padding-top: 0px !important;}&#8221;][vc_single_image image=&#8221;192&#8243; img_size=&#8221;full&#8221;][\/vc_column][\/vc_row][vc_row full_width=&#8221;stretch_row&#8221; css=&#8221;.vc_custom_1581070831007{padding-top: 70px !important;background-color: #f0eee4 !important;}&#8221;][vc_column width=&#8221;2\/5&#8243;][vc_custom_heading text=&#8221;Pomiary PEU, Uniwersytet w Kopenhadze.&#8221; font_container=&#8221;tag:h3|text_align:left&#8221; use_theme_fonts=&#8221;yes&#8221;][vc_column_text css=&#8221;.vc_custom_1697634266608{margin-top: 0px !important;border-top-width: 0px !important;padding-top: 0px !important;}&#8221;]<img loading=\"lazy\" decoding=\"async\" class=\"alignnone size-full wp-image-2318\" src=\"\/wp-content\/uploads\/2023\/10\/home_eco_sep2.png\" alt=\"\" width=\"75\" height=\"2\" \/><\/p>\n<p>Pomiary PEU dla manganu stosowanego nali\u015bciennie, Uniwersytet w Kopenhadze, sierpie\u0144 2014 roku, profesor S\u00f6ren Hustedt.<\/p>\n<p><a href=\"\/wp-content\/uploads\/2023\/10\/PEU-measurements.pdf\">Save the document, 2 pages. (pdf)<\/a>[\/vc_column_text][\/vc_column][vc_column width=&#8221;3\/5&#8243; css=&#8221;.vc_custom_1581069911105{padding-top: 0px !important;}&#8221;][vc_single_image image=&#8221;198&#8243; img_size=&#8221;full&#8221;][\/vc_column][\/vc_row]<\/p>\n<\/div>","protected":false},"excerpt":{"rendered":"<p>[vc_row full_width=&#8221;stretch_row&#8221; css=&#8221;.vc_custom_1581070486308{padding-bottom: 20px !important;background-color: #f0eee4 !important;}&#8221;][vc_column][vc_custom_heading text=&#8221;Poni\u017cej znajdziesz informacje o naszych testach terenowych.&#8221; font_container=&#8221;tag:h4|text_align:center&#8221; use_theme_fonts=&#8221;yes&#8221;][\/vc_column][\/vc_row][vc_row css=&#8221;.vc_custom_1581070547022{padding-top: 70px !important;}&#8221;][vc_column width=&#8221;2\/5&#8243;][vc_custom_heading text=&#8221;Zaprawianie mikroelementami nasion j\u0119czmienia jarego&#8221; font_container=&#8221;tag:h3|text_align:left&#8221;<span class=\"excerpt-hellip\"> [\u2026]<\/span><\/p>\n","protected":false},"author":3,"featured_media":0,"parent":0,"menu_order":0,"comment_status":"closed","ping_status":"closed","template":"","meta":{"footnotes":""},"class_list":["post-507","page","type-page","status-publish","hentry"],"jetpack_sharing_enabled":true,"_links":{"self":[{"href":"https:\/\/www.norotec.se\/pl\/wp-json\/wp\/v2\/pages\/507","targetHints":{"allow":["GET"]}}],"collection":[{"href":"https:\/\/www.norotec.se\/pl\/wp-json\/wp\/v2\/pages"}],"about":[{"href":"https:\/\/www.norotec.se\/pl\/wp-json\/wp\/v2\/types\/page"}],"author":[{"embeddable":true,"href":"https:\/\/www.norotec.se\/pl\/wp-json\/wp\/v2\/users\/3"}],"replies":[{"embeddable":true,"href":"https:\/\/www.norotec.se\/pl\/wp-json\/wp\/v2\/comments?post=507"}],"version-history":[{"count":9,"href":"https:\/\/www.norotec.se\/pl\/wp-json\/wp\/v2\/pages\/507\/revisions"}],"predecessor-version":[{"id":516,"href":"https:\/\/www.norotec.se\/pl\/wp-json\/wp\/v2\/pages\/507\/revisions\/516"}],"wp:attachment":[{"href":"https:\/\/www.norotec.se\/pl\/wp-json\/wp\/v2\/media?parent=507"}],"curies":[{"name":"wp","href":"https:\/\/api.w.org\/{rel}","templated":true}]}}